{"id":386,"date":"2009-03-25T10:30:11","date_gmt":"2009-03-25T08:30:11","guid":{"rendered":"http:\/\/habitaturban.ro\/?page_id=386"},"modified":"2022-02-15T12:21:25","modified_gmt":"2022-02-15T10:21:25","slug":"despre-noi","status":"publish","type":"page","link":"https:\/\/www.habitaturban.ro\/?page_id=386","title":{"rendered":"Despre noi"},"content":{"rendered":"<p><img decoding=\"async\" src=\"https:\/\/www.habitaturban.ro\/wp-content\/uploads\/2019\/12\/header.png\" alt=\"\" title=\"header\" width=\"100%\"  class=\"aligncenter size-full wp-image-2828\" srcset=\"https:\/\/www.habitaturban.ro\/wp-content\/uploads\/2019\/12\/header.png 712w, https:\/\/www.habitaturban.ro\/wp-content\/uploads\/2019\/12\/header-300x76.png 300w\" sizes=\"(max-width: 712px) 100vw, 712px\" \/><\/p>\n<table border=\"0\" cellspacing=\"0\" cellpadding=\"0\" width=\"100%\">\n<tr>\n<td width=\"211\" valign=\"top\" style=\"border:none;\">\n<p align=\"center\"><strong><em>Stimate    doamne,<\/em><\/strong><br \/>\n      <strong><em>Stimati    domni,<\/em><\/strong><\/p>\n<\/td>\n<td width=\"362\" valign=\"top\" style=\"border:none;\">\n<p align=\"center\"><strong><em>Stimate    colege,<\/em><\/strong><br \/>\n      <strong><em>Stimati    colegi,<\/em><\/strong><\/p>\n<\/td>\n<td width=\"153\" valign=\"top\" style=\"border:none;\">\n<p align=\"center\"><strong><em>Dragi    prieteni,<\/em><\/strong><\/p>\n<\/td>\n<\/tr>\n<\/table>\n<p><strong><em>Incep cu multe  multumiri la adresa celor care deja, de ani buni, sprijina programele adresate  membrilor si reprezentantilor asociatiilor de proprietari. Cu ajutorul lor,  reusim sa strangem fonduri care sunt esentiale pentru actiunile de consiliere  adresate membrilor si reprezentantilor asociatiilor de proprietari. <\/em><\/strong><br \/>\n  De peste <strong>20 de ani<\/strong> derulez proiecte importante  adresate membrilor si reprezentantilor asociatiilor de proprietari <\/p>\n<ul>\n<li>am  contribuit la <strong>formarea profesionala<\/strong> continua a administratorilor de imobile. La cursurile autorizate, organizate in  acesti 20 de ani (autorizate ANC, in colaborare cu CRFPFP, INA etc), au  participat si presedinti ai asociatiilor de proprietari, membri ai comitetului,  membri ai comisiilor de cenzori si proprietari \/ locatari. <\/li>\n<li>am  organizat peste <strong>800<\/strong> de <strong>dezbateri<\/strong> \/ seminarii \/ conferinte  locale, regionale, nationale si cu participare international, avand ca teme  problematica locuitului, regenerare urbana, eficienta energetica, reabilitarea termica,  consolidare, fiscalitate \/ contabilitate, legislatia muncii, colectarea  separate a deseurilor, DDD, siguranta cetateanului, norme de convietuire  sociala, utilizarea in siguranta a locuintelor, asigurari, utilizarea in  siguranta a ascensoarelor, organizarea si functionarea asociatiilor de  proprietari, servicii publice, relatia cu administratia publica locala si  centrala s.a. Peste <strong>50.000<\/strong> de  participanti in peste <strong>100<\/strong> de  municipii \/ orase din <strong>toate<\/strong> judetele!<\/li>\n<li>In  toti acesti ani am asigurat un progam <strong>zilnic<\/strong>,  complex, de <strong>consiliere<\/strong> si indrumare  specializata la sediul nostru.<\/li>\n<li>Am  reprezentat problematica locuitului la IUT, Parlamentul European, Natiunile  Unite s.a.&nbsp;<\/li>\n<\/ul>\n<p><em>Cu ajutorul dumneavoastr\u0103, putem dezvolta aceste proiecte,  putem sus\u021bine mai mul\u021bi membri si reprezentanti ai asociatiilor de proprietari  \u0219i putem sprijini \u00eempreun\u0103 organizarea si functionarea asociatiilor de  proprietari.&nbsp;<\/em><\/p>\n<hr\/>\n<p><strong>Liga Asocia\u0163iilor de Proprietari Habitat<\/strong> este persoana juridica de drept privat,  neguvernamentala, nepartinica, fara scop lucrativ si patrimonial, infiintata in  1991.<\/p>\n<p><strong>Liga  Asocia\u0163iilor de Proprietari Habitat<\/strong> este inscrisa in Registrul persoanelor juridice fara scop patrimonial la  pozitia nr. 34\/16.10.2003, cod IBAN RO96BRDE441SV03929134410, dosar nr.  2492\/2003 Tribunalul Bucuresti Sectia a IV a Civila, Sentinta Civila nr. 15 F, din sedinta publica de  la 22.09.2003, cod fiscal 8557733, <\/p>\n<p>Din <strong>Liga Asocia\u0163iilor de Proprietari Habitat<\/strong> fac parte peste 15.000 de asociatii de  proprietari din 31 de judete!<\/p>\n<p>47 de organizatii  neguvernamentale (asociatii, fundatii, federatii, uniuni) reprezinta  proprietarii \/ asociatiile de prorietari in cadrul <strong>Ligii Asocia\u0163iilor de  Proprietari Habitat<\/strong>.<\/p>\n<p><strong>Liga  Asocia\u0163iilor de Proprietari Habitat<\/strong> reprezinta asociatiile de proprietari in COMITETUL NATIONAL ROMAN AL COMITETULUI MONDIAL AL ENERGIEI,  ASOCIATIA ENERGETICIENILOR DIN ROMANIA (IRE), consiliul consultativ anrsc.<\/p>\n<p><strong>Liga  Asocia\u0163iilor de Proprietari Habitat<\/strong> are parteneriate cu institutii importante ale Statului- Politia Nationala  si Locala, Institutul National de Administratie, Ministerul Dezvoltarii  Regionale, Primarii, Prefecturi, etc.<\/p>\n<p><strong>Liga  Asocia\u0163iilor de Proprietari Habitat<\/strong> este acreditata la Camera Deputatilor,<\/p>\n<p><strong>Liga  Asocia\u0163iilor de Proprietari Habitat<\/strong> este membra IUT (International Union of Tenents) si prin intermediul  acesteia am participat la nivel european in cadrul comisiilor \/ organizatiilor  pe problematica locuitului.<\/p>\n<p><strong>Liga  Asocia\u0163iilor de Proprietari Habitat<\/strong> este partener recunoscut al Comit\u00e9 europ\u00e9en de coordination de l&rsquo;habitat  social (CECODHAS).<\/p>\n<p><strong>Liga Asocia\u0163iilor de Proprietari Habitat<\/strong> este invitat permanent al  lucrarilor COMMITTEE ON HOUSING AND  LAND MANAGEMENT &#8211; UNITED NATIONS.<\/p>\n<p><strong>Liga Asocia\u0163iilor  de Proprietari Habitat<\/strong> a desfasurat  proiecte internationale cu parteneri din Olanda, Armenia, Bulgaria, Slovenia,  Marea Britanie, Confederatia Elvetiana.<\/p>\n<p>Reprezentantii <strong>Ligii Asocia\u0163iilor  de Proprietari Habitat<\/strong> participa constant la seminariile \/ conferintele \/  evenimentele organizate de catre Comitetul Regiunilor, Parlamentul European-  COMMITTEE ON HOUSING AND LAND MANAGEMENT. <\/p>\n<p>Specialistii <strong>Ligii Asocia\u0163iilor  de Proprietari Habitat<\/strong> au participat la programe desfasurate in Romania de  catre Banca Mondiala si UNDP.<\/p>\n<p><strong><em>LISTA MEMBRILOR BIROULUI EXECUTIV NA\u0162IONAL:<\/em><\/strong><\/p>\n<ul>\n<li><em>Pre\u015fedinte &#8211; dl. <strong>Mihai  Mereu\u0163\u0103<\/strong><\/em><\/li>\n<li><em>Prim-Vicepre\u015fedinte &#8211; dl. <strong>Petru Olariu<\/strong><\/em><\/li>\n<\/ul>\n<p align=\"center\"><strong><em>PENTRU INFORMATII SUPLIMENTARE VA PUTETI ADRESA LA: <\/em><\/strong><\/p>\n<p><strong>ADRESA CORESPONDEN\u0162\u0102: OP 49, CP 21 <\/strong><strong>Sector 2 Bucuresti. <\/strong><a href=\"https:\/\/www.habitaturban.ro\"><strong>www.habitaturban.ro<\/strong><\/a><strong>, <\/strong><\/p>\n<p><strong>MIHAI MEREU\u0162\u0102<\/strong><strong> &#8211; 0744.751.416; <\/strong><br \/><a href=\"mailto:mihai.mereuta@habitaturban.ro\"><strong>mihai.mereuta@habitaturban.ro<\/strong><\/a><strong>; presedinte\u00a0 Liga Asociatiilor de  Proprietari Habitat, Asociatia Romana pentru Locuinte Casa Plus, <\/strong><strong> <\/strong><\/p>\n<p><strong>DIRECTOR \/ RESPOSABIL RESURSE UMANE: <\/strong><br \/><strong> DANIELA FLORINA HU\u0162AN &#8211; <\/strong><strong>0726.949.000; 0743.627.705; <\/strong><br \/><a href=\"mailto:dana.hutan@habitaturban.ro\"><strong>dana.hutan@habitaturban.ro<\/strong><\/a><strong>;<br \/><\/strong><a href=\"mailto:mihai.mereuta@habitaturban.ro\">mihai.mereuta@habitaturban.ro<\/a>, <br \/><u><a href=\"https:\/\/www.habitaturban.ro\">www.habitaturban.ro<\/a><\/u><strong>,&nbsp;<\/strong><a href=\"http:\/\/www.regenerareurbana.ro\/\">www.regenerareurbana.ro<\/a><strong>,&nbsp;<\/strong><a href=\"http:\/\/www.casa-plus.ro\/\">www.casa-plus.ro<\/a><strong>;&nbsp;<\/strong><\/p>\n","protected":false},"excerpt":{"rendered":"<p>Stimate doamne, Stimati domni, Stimate colege, Stimati colegi, Dragi prieteni, Incep cu multe multumiri la adresa celor care deja, de ani buni, sprijina programele adresate membrilor si reprezentantilor asociatiilor de proprietari. Cu ajutorul lor, reusim sa strangem fonduri care sunt esentiale pentru actiunile de consiliere adresate membrilor si reprezentantilor asociatiilor de proprietari. De peste 20 [&hellip;]<\/p>\n","protected":false},"author":3,"featured_media":0,"parent":0,"menu_order":0,"comment_status":"open","ping_status":"open","template":"","meta":{"footnotes":""},"class_list":["post-386","page","type-page","status-publish","hentry"],"_links":{"self":[{"href":"https:\/\/www.habitaturban.ro\/index.php?rest_route=\/wp\/v2\/pages\/386","targetHints":{"allow":["GET"]}}],"collection":[{"href":"https:\/\/www.habitaturban.ro\/index.php?rest_route=\/wp\/v2\/pages"}],"about":[{"href":"https:\/\/www.habitaturban.ro\/index.php?rest_route=\/wp\/v2\/types\/page"}],"author":[{"embeddable":true,"href":"https:\/\/www.habitaturban.ro\/index.php?rest_route=\/wp\/v2\/users\/3"}],"replies":[{"embeddable":true,"href":"https:\/\/www.habitaturban.ro\/index.php?rest_route=%2Fwp%2Fv2%2Fcomments&post=386"}],"version-history":[{"count":30,"href":"https:\/\/www.habitaturban.ro\/index.php?rest_route=\/wp\/v2\/pages\/386\/revisions"}],"predecessor-version":[{"id":3001,"href":"https:\/\/www.habitaturban.ro\/index.php?rest_route=\/wp\/v2\/pages\/386\/revisions\/3001"}],"wp:attachment":[{"href":"https:\/\/www.habitaturban.ro\/index.php?rest_route=%2Fwp%2Fv2%2Fmedia&parent=386"}],"curies":[{"name":"wp","href":"https:\/\/api.w.org\/{rel}","templated":true}]}}