{"id":631,"date":"2009-03-27T12:23:37","date_gmt":"2009-03-27T10:23:37","guid":{"rendered":"http:\/\/www.habitaturban.ro\/?page_id=631"},"modified":"2022-05-10T07:43:21","modified_gmt":"2022-05-10T05:43:21","slug":"program-de-lucru","status":"publish","type":"page","link":"https:\/\/www.habitaturban.ro\/?page_id=631","title":{"rendered":"Program de lucru"},"content":{"rendered":"<h2><strong>Consiliere specializat\u0103 pentru membrii \u0219i reprezentan\u021bii asocia\u021biilor de proprietari <span style=\"color: #ff0000;\">NOUA LOCATIE PROVIZORIE<\/span><\/strong><\/h2>\n<p>&nbsp;<\/p>\n<p><span style=\"color: #ff0000;\"><a href=\"https:\/\/www.habitaturban.ro\/wp-content\/uploads\/2022\/05\/loc.jpg\"><img loading=\"lazy\" decoding=\"async\" class=\"alignright wp-image-3033 size-thumbnail\" src=\"https:\/\/www.habitaturban.ro\/wp-content\/uploads\/2022\/05\/loc-150x150.jpg\" alt=\"\" width=\"150\" height=\"150\" \/><\/a>Din cauza resurselor limitate suntem nevoiti sa ne mutam (provizoriu) in ALEEA P\u0102DUREA CRAIULUI NR.1, BL. B2, SC.1, ET 6, AP. 26, INTERFON 26, SCTOR 3. (5 MIN DE METROU TITAN \/ \u00a0INTERSECTIA GRIGORESCU CU REBREANU \/ IN SPATELE MEDLIFE (FOSTA POSTA TITAN). Costurile cu mutarea si amenajarea noii locatii le-am suportat personal. Costurle de functionare (intretinere, utilitati, telefon sediu, internet sediu &#8230; ) incerc sa le acopar! Totusi deficitul este greu de acoperit.<\/span><\/p>\n<p>&nbsp;<\/p>\n<p>Av\u00e2nd \u00een vedere necesitatea de a asigura m\u0103surile pentru prevenirea \u0219i combaterea r\u0103sp\u00e2ndirii virusului COVID-19, <strong>programele de consiliere gratuit\u0103 desf\u0103\u0219urate la sediu se desf\u0103\u0219oar\u0103 numai cu programare. \u00cen birou este permis accesul unei singure persoane, la ora programat\u0103.<\/strong><\/p>\n<p>Pentru <strong>program\u0103ri<\/strong> v\u0103 rug\u0103m s\u0103 ne contacta\u021bi prin<\/p>\n<ul>\n<li><em><strong>mobil<\/strong>: 0763.525.845, 0743.627.705<\/em><\/li>\n<li><em><strong>e-mail<\/strong><\/em>: <a href=\"mailto:dana.hutan@habitaturban.ro\">dana.hutan@habitaturban.ro<\/a>, <a href=\"mailto:mihai.mereuta@habitaturban.ro\">mihai.mereuta@habitaturban.ro<\/a>,<\/li>\n<\/ul>\n<p><strong><em>Petitiile pot fi trimise la<\/em>:<\/strong><\/p>\n<ul>\n<li><em><strong>e-mail<\/strong><\/em>: <a href=\"mailto:mihai.mereuta@habitaturban.ro\">mihai.mereuta@habitaturban.ro<\/a>,<\/li>\n<li>OP 49, CP 21 Sector 2 Bucuresti<\/li>\n<li><strong>sau<\/strong> <em>aleea Barajul Iezeru nr. 6A, Sector 3, Bucure\u0219ti, cod 032799, Cl\u0103direa SEQUOIA (fost\u0103 CEDRU), etaj 1, camera 108<\/em><\/li>\n<\/ul>\n<p><strong>CONSILIERE<\/strong><br \/>\n<strong> \u2192ORGANIZAREA \u0218I FUNC\u021aIONAREA ASOCIA\u021aIILOR DE PROPRIETARI &#8211; <\/strong><strong><em>MIHAI MEREU\u0162\u0102<\/em><\/strong> &#8211; 0744.751.416; <a href=\"mailto:mihai.mereuta@habitaturban.ro\">mihai.mereuta@habitaturban.ro<\/a>; pre\u0219edinte\u00a0 Liga Asocia\u021biilor de Proprietari Habitat, Asocia\u021bia Rom\u00e2n\u0103 pentru Locuin\u021be Casa Plus, la sediu \u2013 mar\u021bea intre orele 11.00-13.00<br \/>\n<strong> \u2192DECLARATIA 112, REVISAL, ORGANIZARE, FORMARE PROFESIONAL\u0102 (CURS ADMINISTRATOR DE CONDOMINIU) <\/strong> &#8211; <strong><em>DANIELA FLORINA HU\u0162AN, <\/em><\/strong>0763.525.845, <a href=\"mailto:dana.hutan@habitaturban.ro\">dana.hutan@habitaturban.ro<\/a>, la sediu de luni pana vineri, intre orele 09.00 &#8211; 15.00<br \/>\n<strong>\u2192FINANCIAR \u2013 CONTABIL \u2013 CENZORAT \u2013 RESURSE UMANE <\/strong><\/p>\n<ul type=\"disc\">\n<li>EXPERT CONTABIL <strong><em>C\u00ceL\u021aEA CRISTIAN<\/em><\/strong> &#8211; <a href=\"mailto:cenzorat.ap@gmail.com\">cenzorat.ap@gmail.com<\/a>, <a href=\"mailto:contabilitate.pt.ap@gmail.com\">contabilitate.pt.ap@gmail.com<\/a>, <a href=\"mailto:resurseumane.ap@gmail.com\">resurseumane.ap@gmail.com<\/a>, la sediu \u2013 mar\u021bea intre orele 11.00-13.00<\/li>\n<\/ul>\n<ul>\n<li>SSM \u2013 SU \u2013 PSI &#8211; ING. <strong><em>C\u00ceL\u021aEA EMILIA<\/em><\/strong> \u2013 conduc\u0103tor serviciu extern de prevenire \u0219i protec\u021bie &#8211; <a href=\"mailto:ssm.su.psi.ap@gmail.com\">ssm.su.psi.ap@gmail.com<\/a>, la sediu \u2013 mar\u021bea intre orele 11.00-13.00<\/li>\n<\/ul>\n<p><strong>PROBLEMELE JURIDICE <\/strong><\/p>\n<ul type=\"disc\">\n<li>AVOCAT <strong><em>ALEXANDRU TIU<\/em><\/strong> &#8211; <a href=\"mailto:alexandru_tiu@yahoo.com\">alexandru_tiu@yahoo.com<\/a>, la sediu joia intre orele 13.00-14.30<\/li>\n<li>AVOCAT <em><strong>GELU PU\u0218CA\u0218 <\/strong><\/em><\/li>\n<\/ul>\n<p><a href=\"https:\/\/www.facebook.com\/Consultanta.Asociatii.Proprietari\/\">https:\/\/www.facebook.com\/Consultanta.Asociatii.Proprietari\/<\/a><br \/>\n\u2192CONSULTANT SERVICII PUBLICE: <strong><em>RADU CORNELIU DUMITRESCU<\/em><\/strong> \u2013 <a href=\"mailto:conctranspresp@yahoo.com\">conctranspresp@yahoo.com<\/a>;<br \/>\n\u2192CONSULTANT BUCURE\u0218TI: <strong><em>FLORENTIN DOGARU<\/em><\/strong> &#8211; <a href=\"mailto:norudogaru@yahoo.com\">norudogaru@yahoo.com<\/a>;<br \/>\n\u2192CONSULTANT BUCURE\u0218TI: <strong><em>DAN RUJAN <\/em><\/strong> &#8211; <a href=\"mailto:drujan1@gmail.com\">drujan1@gmail.com<\/a>;<br \/>\n\u2192CONSULTANT BUCURE\u0218TI: <strong><em>VIORICA STEFU <\/em><\/strong> \u00a0&#8211; <a href=\"mailto:vioricastefu1@gmail.com\">vioricastefu1@gmail.com<\/a>;<br \/>\n<strong><em>Numai bine v\u0103 dorim, v\u0103 mul\u021bumim pentru \u00een\u021belegere, colaborare \u0219i sprijin!<\/em><\/strong><\/p>\n<table style=\"margin: 0 auto;\" border=\"0\" cellspacing=\"0\" cellpadding=\"0\">\n<tbody>\n<tr>\n<td valign=\"middle\" width=\"128\"><img loading=\"lazy\" decoding=\"async\" class=\"alignnone size-full wp-image-2981\" src=\"https:\/\/www.habitaturban.ro\/wp-content\/uploads\/2022\/02\/harnp.jpg\" alt=\"\" width=\"261\" height=\"163\" \/><\/td>\n<td style=\"vertical-align: middle;\" valign=\"middle\" bgcolor=\"yellow\" width=\"524\">\n<p align=\"center\"><strong><em>MIHAI MEREU<\/em><\/strong><strong><em>\u0162\u0102<\/em><\/strong><strong> &#8211; 0744.751.416; <\/strong><a href=\"mailto:mihai.mereuta@habitaturban.ro\"><strong>mihai.mereuta@habitaturban.ro<\/strong><\/a><strong>; pre\u0219edinte\u00a0 <\/strong><br \/>\n<strong>Liga Asocia\u021biilor de Proprietari Habitat, <\/strong><br \/>\n<strong>Asocia\u021bia Rom\u00e2n\u0103 pentru Locuin\u021be Casa Plus<\/strong><\/p>\n<\/td>\n<\/tr>\n<\/tbody>\n<\/table>\n<p>&nbsp;<\/p>\n<hr \/>\n<p>&nbsp;<\/p>\n<table border=\"0\" cellspacing=\"0\" cellpadding=\"0\">\n<tbody>\n<tr>\n<td style=\"border: none;\" valign=\"top\" width=\"219\"><strong>Stimate doamne,<\/strong><br \/>\n<strong>Stima\u021bi domni,<\/strong><\/td>\n<td style=\"border: none;\" valign=\"top\" width=\"219\"><strong>Stimate colege,<\/strong><br \/>\n<strong>Stima\u021bi colegi,<\/strong><\/td>\n<td style=\"border: none;\" valign=\"top\" width=\"219\"><strong>Dragi prieteni,<\/strong><\/td>\n<\/tr>\n<\/tbody>\n<\/table>\n<p><strong>Doar cu <u>sprijinul dumneavoastr\u0103<\/u> putem continua programele de consiliere specializat\u0103 adresate membrilor \u0219i reprezentan\u021bilor asocia\u021biilor de proprietari! <\/strong><\/p>\n<p><strong>De aceea va rugam sa ne <u>sprijiniti<\/u> don\u00e2nd 5 lei \/ luna \/ persoana fizica sau 0,50 lei \/ luna \/ apartament pentru asociatiile de proprietari.<\/strong><\/p>\n<p><strong>25 de ani am \u021binut u\u0219a deschis\u0103 pentru to\u021bi solicitan\u021bii far\u0103 a condi\u021biona practic accesul la proglamele de consiliere. Situa\u021bia prezent\u0103 ne oblig\u0103 s\u0103 ne limit\u0103m activitatea din cauza resurse\u0219or limitate. Sper ca ve\u021bi fi al\u0103turi de noi \u0219i \u00een aceast\u0103 perioad\u0103 deosebit\u0103.<\/strong><\/p>\n<p><strong>Pute\u021bi dona direct in cont<\/strong><\/p>\n<div style=\"background: yellow; padding: 10px 5px; font-size: 12px; line-height: 19px;\">\u2022 Numele organizatiei: <strong>ASOCIA\u0162IA ROM\u00c2N\u0102 PENTRU LOCUIN\u0162E CASA PLUS<\/strong><br \/>\n\u2022 Codul de identificare fiscala (codul fiscal) : <strong>26590851<\/strong><br \/>\n\u2022 Contul organizatiei in format IBAN: <strong>RO31BRDE441SV27951514410<\/strong> <strong>BRD \u2013 UNIREA<\/strong><\/div>\n<p>&nbsp;<\/p>\n<p><strong>Sau la sediu \u2013 Daniela Florina Hu\u021ban (0763525845, <a href=\"mailto:dana.hutan@habitaturban.ro\">dana.hutan@habitaturban.ro<\/a>) \u2013 program luni &#8211; vineri 09.00 &#8211; 15.00)<\/strong><br \/>\n<strong><em>Numai bine v\u0103 dorim, v\u0103 mul\u021bumim pentru \u00een\u021belegere, colaborare \u0219i sprijin!<\/em><\/strong><\/p>\n<h2 align=\"center\"><strong>Mihai Mereuta<\/strong><\/h2>\n<p align=\"center\"><strong>Presedinte<\/strong><\/p>\n<table border=\"0\" width=\"100%\" cellspacing=\"0\" cellpadding=\"0\">\n<tbody>\n<tr>\n<td style=\"border: none;\" align=\"center\" valign=\"top\" width=\"50%\">\n<p align=\"center\"><strong><em>LIGA ASOCIA\u0162IILOR DE PROPRIETARI <\/em><\/strong><br \/>\n<strong><em>HABITAT<\/em><\/strong><\/p>\n<\/td>\n<td style=\"border: none;\" align=\"center\" valign=\"top\" width=\"50%\">\n<p align=\"center\"><strong><em>ASOCIA<\/em><\/strong><strong><em>\u0162<\/em><\/strong><strong><em>IA ROM<\/em><\/strong><strong><em>\u00c2<\/em><\/strong><strong><em>N<\/em><\/strong><strong><em>\u0102<\/em><\/strong><strong><em> PENTRU LOCUIN<\/em><\/strong><strong><em>\u0162<\/em><\/strong><strong><em>E<\/em><\/strong><br \/>\n<strong><em>CASA PLUS <\/em><\/strong><\/p>\n<\/td>\n<\/tr>\n<\/tbody>\n<\/table>\n","protected":false},"excerpt":{"rendered":"<p>Consiliere specializat\u0103 pentru membrii \u0219i reprezentan\u021bii asocia\u021biilor de proprietari NOUA LOCATIE PROVIZORIE &nbsp; Din cauza resurselor limitate suntem nevoiti sa ne mutam (provizoriu) in ALEEA P\u0102DUREA CRAIULUI NR.1, BL. B2, SC.1, ET 6, AP. 26, INTERFON 26, SCTOR 3. (5 MIN DE METROU TITAN \/ \u00a0INTERSECTIA GRIGORESCU CU REBREANU \/ IN SPATELE MEDLIFE (FOSTA POSTA [&hellip;]<\/p>\n","protected":false},"author":3,"featured_media":0,"parent":0,"menu_order":4,"comment_status":"open","ping_status":"open","template":"","meta":{"footnotes":""},"class_list":["post-631","page","type-page","status-publish","hentry"],"_links":{"self":[{"href":"https:\/\/www.habitaturban.ro\/index.php?rest_route=\/wp\/v2\/pages\/631","targetHints":{"allow":["GET"]}}],"collection":[{"href":"https:\/\/www.habitaturban.ro\/index.php?rest_route=\/wp\/v2\/pages"}],"about":[{"href":"https:\/\/www.habitaturban.ro\/index.php?rest_route=\/wp\/v2\/types\/page"}],"author":[{"embeddable":true,"href":"https:\/\/www.habitaturban.ro\/index.php?rest_route=\/wp\/v2\/users\/3"}],"replies":[{"embeddable":true,"href":"https:\/\/www.habitaturban.ro\/index.php?rest_route=%2Fwp%2Fv2%2Fcomments&post=631"}],"version-history":[{"count":40,"href":"https:\/\/www.habitaturban.ro\/index.php?rest_route=\/wp\/v2\/pages\/631\/revisions"}],"predecessor-version":[{"id":3039,"href":"https:\/\/www.habitaturban.ro\/index.php?rest_route=\/wp\/v2\/pages\/631\/revisions\/3039"}],"wp:attachment":[{"href":"https:\/\/www.habitaturban.ro\/index.php?rest_route=%2Fwp%2Fv2%2Fmedia&parent=631"}],"curies":[{"name":"wp","href":"https:\/\/api.w.org\/{rel}","templated":true}]}}