{"id":691,"date":"2009-03-27T14:56:17","date_gmt":"2009-03-27T12:56:17","guid":{"rendered":"http:\/\/www.habitaturban.ro\/?page_id=691"},"modified":"2022-02-15T12:00:38","modified_gmt":"2022-02-15T10:00:38","slug":"contact","status":"publish","type":"page","link":"https:\/\/www.habitaturban.ro\/?page_id=691","title":{"rendered":"Contact"},"content":{"rendered":"<h2 style=\"text-transform: uppercase;\"><strong><em>Sprijinirea, \u00eendrumarea \u0219i reprezentarea \u00a0asocia\u021biilor de proprietari <\/em><\/strong><\/h2>\n<p>Av\u00e2nd \u00een vedere necesitatea de a asigura m\u0103surile pentru prevenirea \u0219i combaterea r\u0103sp\u00e2ndirii virusului COVID-19, <strong>programele de consiliere gratuit\u0103 desf\u0103\u0219urate la sediu se desf\u0103\u0219oar\u0103 numai cu programare. \u00cen birou este permis accesul unei singure persoane, la ora programat\u0103.<a href=\"https:\/\/www.habitaturban.ro\/wp-content\/uploads\/2014\/01\/cladirea-cedru-barajul-iezeru-nr-6a-sector-3-bucuresti.jpg\"><img loading=\"lazy\" decoding=\"async\" class=\"size-medium wp-image-2081 alignright\" title=\"cladirea-cedru-barajul-iezeru-nr-6a-sector-3-bucuresti\" src=\"https:\/\/www.habitaturban.ro\/wp-content\/uploads\/2014\/01\/cladirea-cedru-barajul-iezeru-nr-6a-sector-3-bucuresti-300x261.jpg\" alt=\"\" width=\"300\" height=\"261\" srcset=\"https:\/\/www.habitaturban.ro\/wp-content\/uploads\/2014\/01\/cladirea-cedru-barajul-iezeru-nr-6a-sector-3-bucuresti-300x261.jpg 300w, https:\/\/www.habitaturban.ro\/wp-content\/uploads\/2014\/01\/cladirea-cedru-barajul-iezeru-nr-6a-sector-3-bucuresti.jpg 530w\" sizes=\"auto, (max-width: 300px) 100vw, 300px\" \/><\/a><\/strong><\/p>\n<p>Pentru <strong>program\u0103ri<\/strong> v\u0103 rug\u0103m s\u0103 ne contacta\u021bi prin<\/p>\n<ul>\n<li><em><strong>mobil<\/strong>: 0763.525.845, 0743.627.705<\/em><\/li>\n<li><em><strong>e-mail<\/strong><\/em>: <a href=\"mailto:dana.hutan@habitaturban.ro\">dana.hutan@habitaturban.ro<\/a>, <a href=\"mailto:mihai.mereuta@habitaturban.ro\">mihai.mereuta@habitaturban.ro<\/a>,<\/li>\n<\/ul>\n<p><strong><em>Petitiile pot fi trimise la<\/em>:<\/strong><\/p>\n<ul>\n<li><em><strong>e-mail<\/strong><\/em>: <a href=\"mailto:mihai.mereuta@habitaturban.ro\">mihai.mereuta@habitaturban.ro<\/a>,<\/li>\n<li>OP 49, CP 21 Sector 2 Bucuresti<\/li>\n<li><strong>sau<\/strong> <em>aleea Barajul Iezeru nr. 6A, Sector 3, Bucure\u0219ti, cod 032799, Cl\u0103direa SEQUOIA (fost\u0103 CEDRU), etaj 1, camera 108<\/em><\/li>\n<\/ul>\n<p><strong>CONSILIERE<\/strong><br \/>\n<strong> \u2192ORGANIZAREA \u0218I FUNC\u021aIONAREA ASOCIA\u021aIILOR DE PROPRIETARI &#8211; <\/strong><strong><em>MIHAI MEREU\u0162\u0102<\/em><\/strong> &#8211; 0744.751.416; <a href=\"mailto:mihai.mereuta@habitaturban.ro\">mihai.mereuta@habitaturban.ro<\/a>; pre\u0219edinte\u00a0 Liga Asocia\u021biilor de Proprietari Habitat, Asocia\u021bia Rom\u00e2n\u0103 pentru Locuin\u021be Casa Plus, la sediu \u2013 mar\u021bea intre orele 11.00-13.00<br \/>\n<strong> \u2192DECLARATIA 112, REVISAL, ORGANIZARE, FORMARE PROFESIONAL\u0102 (CURS ADMINISTRATOR DE CONDOMINIU) <\/strong> &#8211; <strong><em>DANIELA FLORINA HU\u0162AN, <\/em><\/strong>0763.525.845, <a href=\"mailto:dana.hutan@habitaturban.ro\">dana.hutan@habitaturban.ro<\/a>, la sediu de luni pana vineri, intre orele 09.00 &#8211; 15.00<br \/>\n<strong>\u2192FINANCIAR \u2013 CONTABIL \u2013 CENZORAT \u2013 RESURSE UMANE <\/strong><\/p>\n<ul type=\"disc\">\n<li>EXPERT CONTABIL <strong><em>C\u00ceL\u021aEA CRISTIAN<\/em><\/strong> &#8211; <a href=\"mailto:cenzorat.ap@gmail.com\">cenzorat.ap@gmail.com<\/a>, <a href=\"mailto:contabilitate.pt.ap@gmail.com\">contabilitate.pt.ap@gmail.com<\/a>, <a href=\"mailto:resurseumane.ap@gmail.com\">resurseumane.ap@gmail.com<\/a>, la sediu \u2013 mar\u021bea intre orele 11.00-13.00<\/li>\n<\/ul>\n<ul>\n<li>SSM \u2013 SU \u2013 PSI &#8211; ING. <strong><em>C\u00ceL\u021aEA EMILIA<\/em><\/strong> \u2013 conduc\u0103tor serviciu extern de prevenire \u0219i protec\u021bie &#8211; <a href=\"mailto:ssm.su.psi.ap@gmail.com\">ssm.su.psi.ap@gmail.com<\/a>, la sediu \u2013 mar\u021bea intre orele 11.00-13.00<\/li>\n<\/ul>\n<p><strong>PROBLEMELE JURIDICE <\/strong><\/p>\n<ul type=\"disc\">\n<li>AVOCAT <strong><em>ALEXANDRU TIU<\/em><\/strong> &#8211; <a href=\"mailto:alexandru_tiu@yahoo.com\">alexandru_tiu@yahoo.com<\/a>, la sediu joia intre orele 13.00-14.30<\/li>\n<li>AVOCAT <em><strong>GELU PU\u0218CA\u0218 <\/strong><\/em><\/li>\n<\/ul>\n<p><a href=\"https:\/\/www.facebook.com\/Consultanta.Asociatii.Proprietari\/\">https:\/\/www.facebook.com\/Consultanta.Asociatii.Proprietari\/<\/a><br \/>\n\u2192CONSULTANT SERVICII PUBLICE: <strong><em>RADU CORNELIU DUMITRESCU<\/em><\/strong> \u2013 <a href=\"mailto:conctranspresp@yahoo.com\">conctranspresp@yahoo.com<\/a>;<br \/>\n\u2192CONSULTANT BUCURE\u0218TI: <strong><em>FLORENTIN DOGARU<\/em><\/strong> &#8211; <a href=\"mailto:norudogaru@yahoo.com\">norudogaru@yahoo.com<\/a>;<br \/>\n\u2192CONSULTANT BUCURE\u0218TI: <strong><em>DAN RUJAN <\/em><\/strong> &#8211; <a href=\"mailto:drujan1@gmail.com\">drujan1@gmail.com<\/a>;<br \/>\n\u2192CONSULTANT BUCURE\u0218TI: <strong><em>VIORICA STEFU <\/em><\/strong> \u00a0&#8211; <a href=\"mailto:vioricastefu1@gmail.com\">vioricastefu1@gmail.com<\/a>;<br \/>\n<strong><em>Numai bine v\u0103 dorim, v\u0103 mul\u021bumim pentru \u00een\u021belegere, colaborare \u0219i sprijin!<\/em><\/strong><\/p>\n<p>&nbsp;<\/p>\n<table style=\"margin: 0 auto;\" border=\"0\" cellspacing=\"0\" cellpadding=\"0\">\n<tbody>\n<tr>\n<td valign=\"middle\" width=\"128\"><img loading=\"lazy\" decoding=\"async\" class=\"alignnone size-full wp-image-2981\" src=\"https:\/\/www.habitaturban.ro\/wp-content\/uploads\/2022\/02\/harnp.jpg\" alt=\"\" width=\"261\" height=\"163\" \/><\/td>\n<td style=\"vertical-align: middle;\" valign=\"middle\" bgcolor=\"yellow\" width=\"524\">\n<p align=\"center\"><strong><em>MIHAI MEREU<\/em><\/strong><strong><em>\u0162\u0102<\/em><\/strong><strong> &#8211; 0744.751.416; <\/strong><a href=\"mailto:mihai.mereuta@habitaturban.ro\"><strong>mihai.mereuta@habitaturban.ro<\/strong><\/a><strong>; pre\u0219edinte\u00a0 <\/strong><br \/>\n<strong>Liga Asocia\u021biilor de Proprietari Habitat, <\/strong><br \/>\n<strong>Asocia\u021bia Rom\u00e2n\u0103 pentru Locuin\u021be Casa Plus<\/strong><\/p>\n<\/td>\n<\/tr>\n<\/tbody>\n<\/table>\n<p>&nbsp;<\/p>\n<p>&nbsp;<\/p>\n<hr \/>\n<h2>UNIUNEA ASOCIA\u0162IILOR DE PROPRIETARI CONSTAN\u0162A<\/h2>\n<p>ADRESA: Constan\u0163a, str. Jupiter 11 (intrarea prin C-Br\u0103tescu);<br \/>\nPROGRAM DE LUCRU CU PETENTII: inclusiv programul de consiliere pt diferite situatii: L &#8211; V, orele 09.00 &#8211; 12.00;<br \/>\nPERSOANA DE CONTACT: Georgeta Ariciuc, tel\/fax: 0241.61.85.35, email:\u00a0<a href=\"mailto:gabiariciuc@yahoo.com\">gabiariciuc@yahoo.com<\/a>;<br \/>\nREPREZENTANT LEGAL:\u00a0 Presedinte Benes Ioan Oscar<br \/>\nPresedinte de onoare Marcel Dragu, email:\u00a0<a href=\"mailto:marceldragu37@yahoo.ro\">marceldragu37@yahoo.ro<\/a>.<\/p>\n<h2>UNIUNEA ASOCIA\u0162IILOR DE PROPRIETARI BUZ\u0102U<\/h2>\n<p>ADRESA: BD. NICOLAE B\u0102LCESCU, BL. 20 ANEXA, AP.5, BUZ\u0102U, JUDETUL BUZ\u0102U;<br \/>\nEMAIL:\u00a0<a href=\"mailto:uapbuzau@yahoo.com\" target=\"_blank\" rel=\"noopener\">uapbuzau@yahoo.com<\/a>;<br \/>\nTELEFON: 0238710696;<br \/>\nPRE\u015eEDINTE: T\u0103n\u0103sescu Gheorghe<br \/>\nAUDIEN\u0162E: zilnic intre 10.00-13.00;<\/p>\n<h2>FEDERA\u0162IA ASOCIA\u0162IILOR DE LOCATARI TIMI\u015eOARA<\/h2>\n<p>ADRESA: STR. BRA\u015eOV, NR. 8, TIMI\u015eOARA, TIMI\u015e<br \/>\nPROGRAMUL CU PUBLICUL este de LUNI p\u00e2n\u0103 JOI de la 9-13, VINERI 9-12, CONSULTA\u0162II TEHNICE \u015eI JURIDICE MAR\u0162I \u015fi JOI de la 16-18<br \/>\nPERSOANA DE CONTACT: OLARIU PETRU, TEL. 0256\/201237, FAX. 0256\/201237, EMAIL <a href=\"mailto:falt@falt.ro\">falt@falt.ro<\/a><br \/>\nREPREZENTANT LEGAL: OLARIU PETRU<\/p>\n<h2>UNIUNEA LOCALA A ASOCIATIILOR LOCATIVE ARAD<\/h2>\n<p>ADRESA: STR. STEFAN CICIO POP, NR. 7, ARAD<br \/>\nPROGRAM DE LUCRU 09:00-17:00, DE LUNI PANA VINERI<br \/>\nPRESEDINTE: DORINA LUPSE \u2013 TEL : 0357\/408.210; 0257\/285.053; E-MAIL : <a href=\"mailto:ulal_arad@yahoo.com\">ulal_arad@yahoo.com<br \/>\n<\/a><\/p>\n<h2>UAPL-UNIUNEA ASOCIATIILOR DE PROPRIETARI SI LOCATARI DEVA<\/h2>\n<p>ADRESA: DEVA, STR. CUZA VODA, PT26B, COD 330022, JUD HUNEDOARA<br \/>\nPROGRAM DE LUCRU:<br \/>\n-Sedinta de Consiliu Director al UAPL Deva : prima zi de marti din fiecare luna, ora 10;<br \/>\n-prima zi de marti din fiecare luna, ora 17.<br \/>\nPERSOANE DE CONTACT:<br \/>\n-Vicepresedinte: ing. Miclaus Petru,<br \/>\n-Secretar: ing. Cazanaru Leonida, tel. si fax: 0254218056; email: <a href=\"mailto:cazanaruleonida@yahoo.com\">cazanaruleonida@yahoo.com<\/a><br \/>\nREPREZENTANT LEGAL: Presedinte prof. Bordean Ioan, tel. 0254213958<\/p>\n<h2>FEDERATIA ASOCIATIILOR DE PROPRIETARI BOTOSANI<\/h2>\n<p>ADRESA: Aleea Unirii nr. 12, Bl. B1, sc. B, Botosani<br \/>\nPROGRAM DE LUCRU: L, Ma, Joi 18-19, Mi, V 14-16;<br \/>\nREPREZENTANT LEGAL: Presedinte Butnaru Petrica, email <a href=\"mailto:asociatiabt@gmail.com\">asociatiabt@gmail.com<\/a>, tel. 0231517.077;<br \/>\nVicepresedinte &#8211; Rodanciuc Ioan<\/p>\n<h2>UNIUNEA JUDETEANA A ASOCIATIILOR DE LOCATARI SI PROPRIETARI DOLJ<\/h2>\n<p>ADRESA: Craiova, Str. Opanez, bl C10, ap 1, tel. 0351437016;<br \/>\nPROGRAM CU PUBLICUL: Luni \u2013Vineri, intre orele 9-15;<br \/>\nPERSOANA DE CONTACT: Smaranda Nina &#8211; <a href=\"mailto:nina_b31@yahoo.com\">nina_b31@yahoo.com<\/a>; 0251\/431.477; 0351\/437.016;<br \/>\nREPREZENTANT LEGAL: Preda Ilie &#8211; <a href=\"mailto:ujalp_dolj@yahoo.com\">ujalp_dolj@yahoo.com<\/a>;<\/p>\n<h2>LIGA ASOCIATIILOR DE PROPRIETARI HABITAT &#8211; NEGRESTI OAS<\/h2>\n<p>ADRESA: Negresti Oas, str. Victoriei nr. 73, Bl. 22A, ap. 2, Jud. Satu Mare<br \/>\nREPREZENTANT LEGAL: Erdei Emeric \u2013 presedinte, <a href=\"mailto:erdei_maria@yahoo.com\">erdei_maria@yahoo.com<\/a>;<br \/>\nPROGRAM CU PUBLICUL: Luni &#8211; Joi: 16-19<\/p>\n<h2>LIGA ASOCIATIILOR DE PROPRIETARI HABITAT &#8211; TURNU MAGURELE<\/h2>\n<p>ADRESA: str. 1 MAI bloc F21 ap.21 sc.2 Parter, Turnu Magurele, cod 145200<br \/>\nPROGRAM DE LUCRU : luni 10 -12; miercuri 10 -12;<br \/>\nPERSOANA DE CONTACT: Mocanu Eugen &#8211; e-mail: <a href=\"mailto:mocanu_eugen_mioara@yahoo.com\">mocanu_eugen_mioara@yahoo.com<\/a><br \/>\nREPREZENTANT LEGAL: Zlatan Paulin<\/p>\n<h2>FEDERATIA ASOCIATIILOR DE PROPRIETARI CLUJ NAPOCA<\/h2>\n<p>ADRESA: Str. Horea nr. 37 &#8211; 39 apt.27, Cluj Napoca, Cluj; email:\u00a0<a href=\"mailto:fapcluj@yahoo.com\">fapcluj@yahoo.com<\/a><br \/>\nPROGRAM\u00a0 DE LUCRU:<br \/>\nLUNI: 10:00 &#8211; 14:00 Diana Sorina MUNTEAN,\u00a0 Economist, Sorin\u00a0 MUNTEAN \u2013 Pre\u015fedinte;<br \/>\nMARTI: 17:00 &#8211; 19:00 Liana HONCAN &#8211; Rel. Publice &amp; M.M;<br \/>\nMIERCURI: 10:00 &#8211; 14:00 Diana Sorina MUNTEAN,\u00a0 Economist; 16:00 &#8211; 18:00 \/ Sorin\u00a0 MUNTEAN \u2013 Pre\u015fedinte;<br \/>\nJOI: 16:00 &#8211; 18:00 Sorin\u00a0 MUNTEAN \u2013 Pre\u015fedinte;<br \/>\nVINERI: 10:00 &#8211; 14:00 Diana Sorina MUNTEAN,\u00a0 Economist; 16:00 &#8211; 18:00 \/ Sorin\u00a0 MUNTEAN \u2013 Pre\u015fedinte;<\/p>\n<h2>LIGA ASOCIATIILOR DE PROPRIETARI HABITAT &#8211; CAMPULUNG ARGES<\/h2>\n<p>ADRESA: STR. NEGRU VODA , NR. 127 , CAMPULUNG MUSCEL JUD. ARGES. COD POSTAL 115100 PROGRAM\u00a0 DE LUCRU: JOIA ORELE 16 &#8211; 18 (DEPLASARI LA SEDIILE ASOCIATIILOR MEMBRE); PERSOANA DE CONTACT: GANEA ALEXANDRU TEL. 0348524500,\u00a0email:\u00a0<a href=\"mailto:ganea.malexandru@yahoo.com\">ganea.malexandru@yahoo.com<\/a>;<br \/>\nADRESA DE CORESPONDENTA : STR. C A ROSETTI\u00a0 NR. 1, CAMPULUNG ARGES, COD POSTAL 115100;<br \/>\nREPREZENTANT LEGAL: GANEA\u00a0 ALEXANDRU, PRESEDINTE<\/p>\n<h2>LIGA JUDETEANA A ASOCIATIILOR DE PROPRIETARI BACAU<\/h2>\n<p>ADRESA: str. Letea, nr. 18. Bl.18, sc. C, ap.10, Bacau, Judet Bacau<br \/>\nPERSOANA DE CONTACT: Muntianu Gheorghe &#8211; e-mail: <a href=\"mailto:g_muntianu@yahoo.com\">g_muntianu@yahoo.com<\/a>;<br \/>\nREPREZENTANT LEGAL: Hutanu Vasile &#8211; e-mail: <a href=\"mailto:vasilehutanu1@yahoo.com\">vasilehutanu1@yahoo.com<\/a>.<br \/>\nADRESA DE CORESPONDENTA : str. Letea, nr. 18. Bl.18, sc. C, ap.10, Bacau, Judet Bacau.<\/p>\n<h2>UNIUNEA ASOCIATIILOR DE PROPRIETARI BRAILA<\/h2>\n<p>ADRESA: Calea Calarasilor, nr. 63, Bl. B, sc. 2, et. 5, ap. 51, cod postal 810238, Braila, Judet Braila.<br \/>\nPERSOANA DE CONTACT: Covache Marian \u2013 tel. 0239\/629.856, e-mail: <a href=\"mailto:iarka_2006@yahoo.com\">iarka_2006@yahoo.com<\/a>;<br \/>\nREPREZENTANT LEGAL: Covache Marian.<br \/>\nADRESA DE CORESPONDENTA : Calea Calarasilor, nr. 63, Bl. B, sc. 2, et. 5, ap. 51, cod postal 810238, Braila, Judet Braila.<\/p>\n<h2>UNIUNEA MUNICIPALA A ASOCIATIILOR DE LOCATARI SI PROPRIETARI RESITA<\/h2>\n<p>ADRESA: Str. Petru Maior, nr. 67, sc. 5, ap.9, Caras-Severin, Judet Resita.<br \/>\nPERSOANA DE CONTACT: Balan Ion \u2013 tel. 0355\/404.615, 0355\/408.761, e-mail: <a href=\"mailto:gelubalangelu@yahoo.com\">gelubalangelu@yahoo.com<\/a>;<br \/>\nREPREZENTANT LEGAL: Balan Ion;<br \/>\nVICE \u2013 PRESEDINTE: Zgarta Ioan;<br \/>\nADRESA DE CORESPONDENTA : Str. Petru Maior, nr. 67, sc. 5, ap.9, Caras-Severin, Judet Resita.<\/p>\n<h2>FEDERATIA ASOCIATIILOR DE PROPRIETARI DEJ<\/h2>\n<p>ADRESA: Aleea Amurg, nr. 2, bl. G2, ap. 47, cod postal 405200, Dej, Judet Cluj;<br \/>\nPERSOANA DE CONTACT: Racz Paul \u2013 tel. 0264\/220.682, e-mail: <a href=\"mailto:fed_prop_dej@yahoo.com\">fed_prop_dej@yahoo.com<\/a>;<br \/>\nREPREZENTANT LEGAL: Racz Paul;<br \/>\nADRESA DE CORESPONDENTA : Aleea Amurg, nr. 2, bl. G2, ap. 47, cod postal 405200, Dej, Judet Cluj<\/p>\n<h2>FEDERATIA ASOCIATIILOR DE PROPRIETARI MANGALIA<\/h2>\n<p>ADRESA: Str. Mihai Viteazu, nr. 10F, cod postal 905500, Mangalia, Judet Constanta;<br \/>\nPERSOANA DE CONTACT: Urse Vlad \u2013e-mail: <a href=\"mailto:fapmangalia@gmail.com\">fapmangalia@gmail.com<\/a>;<br \/>\nREPREZENTANT LEGAL: Urse Vlad &#8211; Presedinte;<br \/>\nADRESA DE CORESPONDENTA : Str. Mihai Viteazu, nr. 10F, cod postal 905500, Mangalia, Judet Constanta;<\/p>\n<h2>FEDERATIA ASOCIATIILOR DE PROPRIETARI NAVODARI<\/h2>\n<p>ADRESA: Aleea Lalelelor, nr. 2, Bl. 13 Sud, sc. A, et.3, ap.16, Navodari, Judet Constanta;<br \/>\nPERSOANA DE CONTACT: Badic Rodica \u2013e-mail: <a href=\"mailto:rodicuta67@yahoo.com\">rodicuta67@yahoo.com<\/a>;<br \/>\nREPREZENTANT LEGAL: Dumitrache Rodica &#8211; Presedinte;<br \/>\nADRESA DE CORESPONDENTA : Aleea Lalelelor, nr. 2, Bl. 13 Sud, sc. A, et.3, ap.16, Navodari, Judet Constanta;<\/p>\n<h2>UNIUNEA ASOCIATIILOR DE PROPRIETARI MEDGIDIA<\/h2>\n<p>ADRESA: Str. Lupeni, nr. 20, bl. A2, sc. C, ap.42, Medgidia, Judet Constanta;<br \/>\nPERSOANA DE CONTACT: Cristea Ionica \u2013e-mail: <a href=\"mailto:cristea.ionica@yahoo.com\">cristea.ionica@yahoo.com<\/a>;<br \/>\nREPREZENTANT LEGAL: Cristea Ionica &#8211; Presedinte;<br \/>\nVICE-PRESEDINTE: Florea Petru;<br \/>\nADRESA DE CORESPONDENTA : Str. Lupeni, nr. 20, bl. A2, sc. C, ap.42, Medgidia, Judet Constanta;<\/p>\n<h2>GRUPUL DE INTEGRARE A ASOCIATIILOR DE PROPRIETARI GALATI<\/h2>\n<p>ADRESA: Str. Podul Inalt, nr.10, bl. T8A, sc.2, et.3, ap. 32, Galati, Judet Galati;<br \/>\nPERSOANA DE CONTACT: Roman Pricop \u2013e-mail: <a href=\"mailto:pricop_roman@yahoo.com\">pricop_roman@yahoo.com<\/a>;<br \/>\nREPREZENTANT LEGAL: Roman Pricop &#8211; Presedinte;<br \/>\nADRESA DE CORESPONDENTA : Str. Podul Inalt, nr.10, bl. T8A, sc.2, et.3, ap. 32, Galati, Judet Galati;<\/p>\n<h2>ASOCIATIA DE PROPRIETARI MIHAI EMINESCU NR. 2 BORSEC<\/h2>\n<p>ADRESA: Str. Mihai Eminescu, nr. 2, bl. A, ap. 15, cod postal 535300, Harghita, Judet Borsec;<br \/>\nPERSOANA DE CONTACT:<br \/>\nADRESA DE CORESPONDENTA : Str. Mihai Eminescu, nr. 2, bl. A, ap. 15, cod postal 535300, Harghita, Judet Borsec;<\/p>\n<h2>LIGA ASOCIATIILOR DE PROPRIETARI HABITAT \u2013 FILIALA IALOMITA<\/h2>\n<p>ADRESA: Str. Rovine, bl. 8, sc. A, ap. 4, Ialomita, Judet Slobozia;<br \/>\nPERSOANA DE CONTACT: Armasu Smaranda \u2013 tel. 0243\/231.115, e-mail: <a href=\"mailto:mady_munteanu@yahoo.com\">mady_munteanu@yahoo.com<\/a>;<br \/>\nREPREZENTANT LEGAL: Armasu Smaranda &#8211; Presedinte;<br \/>\nVICE-PRESEDINTE: Stanga Dorel;<br \/>\nADRESA DE CORESPONDENTA : Str. Rovine, bl. 8, sc. A, ap. 4, Ialomita, Judet Slobozia;<\/p>\n<h2>ASOCIATIA GRUPUL ASOCIATIILOR DE PROPRIETARI IASI<\/h2>\n<p>ADRESA: Str. Moara de Foc, nr.18, bl 408, sc. B, et. 1, ap. 4, cod postal 700520, Iasi, Judet Iasi;<br \/>\nPERSOANA DE CONTACT: Bucur Dumitru \u2013 e-mail: <a href=\"mailto:bucurd@yahoo.com\">bucurd@yahoo.com<\/a>, <a href=\"mailto:habitatagapl@gmail.com\">habitatagapl@gmail.com<\/a>;<br \/>\nREPREZENTANT LEGAL: Bucur Dumitru &#8211; Presedinte;<br \/>\nADRESA DE CORESPONDENTA : Str. Moara de Foc, nr.18, bl 408, sc. B, et. 1, ap. 4, cod postal 700520, Iasi, Judet Iasi;<\/p>\n<h2>UNIUNEA ASOCIATIILOR DE PROPRIETARI SI LOCATARI DIN MUN. PIATRA NEAMT<\/h2>\n<p>ADRESA: Str. Titu Maiorescu, nr 3, Bl. I1, sc B, parter, Piatra Neamt, Judet Neamt;<br \/>\nPERSOANA DE CONTACT:<br \/>\nREPREZENTANT LEGAL:<br \/>\nADRESA DE CORESPONDENTA : Str. Titu Maiorescu, nr. 3, bl I1, sc A, ap 13(acasa).<\/p>\n<h2>UNIUNEA JUDETEANA OLT A ASOCIATIILOR DE PROPRIETARI SI CHIRIASI<\/h2>\n<p>ADRESA: Str. Libertatii, nr.9, bl 16, sc B, et 1 ap 3, casa scarii, cod postal 230026, Slatina, Judet Olt;<br \/>\nPERSOANA DE CONTACT: Stoica Ion;<br \/>\nREPREZENTANT LEGAL: Stoica Ion &#8211; Presedinte; Mihailescu Ioan(vice-presedinte);<br \/>\nADRESA DE CORESPONDENTA : Stoica Ion \u2013 Str.Panselelor nr. 46(acasa).<\/p>\n<h2>Alianta Asociatiilor de Proprietari Prahova<\/h2>\n<p>Sediu social: Str. Maramures nr. 31 A, ap. 3, Ploiesti, Jud. Prahova<br \/>\nTelefon: 0244\/555.305<br \/>\nAdresa corespondenta: Str. Baraolt nr. 3, sc. B, et. 2, cam. 4<br \/>\nPresedinte \u2013 Olteanu Viorel \u2013 0784.073.584; 0732.032.648, <a href=\"mailto:olteanuviorel59@yahoo.com\">olteanuviorel59@yahoo.com<\/a><br \/>\nVicepresedinte \u2013 Vasile Eduard \u2013 0746.010.654, <a href=\"mailto:av_eduard@yahoo.com\">av_eduard@yahoo.com<\/a><br \/>\nCenzor \u2013 Baicoianu Simona Rodica \u2013 0766.291.948, <a href=\"mailto:baicoianu_simona2006@yahoo.com\">baicoianu_simona2006@yahoo.com<\/a><\/p>\n<h2>LIGA ASOCIATIILOR DE PROPRIETARI TARGU MURES<\/h2>\n<p>ADRESA: Str. Secuilor Martiti, nr. 10-12, sc. D, ap. 56, Targu Mures, Judet Mures;<br \/>\nREPREZENTANT LEGAL: Rus Dumitru \u2013 Presedinte \u2013 0728.852.437, email: <a href=\"mailto:ligaapmures@hotmail.com\">ligaapmures@hotmail.com<\/a>;<\/p>\n<h2>FEDERATIA ALIANTEI ASOCIATIILOR DE PROPRIETARI MURES<\/h2>\n<p>ADRESA: Bdul. 1 decembrie 1918, nr. 82, Targu Mures, Judet Mures;<br \/>\nPERSOANA DE CONTACT: Budai Stefan;<br \/>\nREPREZENTANT LEGAL: Budai Stefan \u2013 Presedinte<br \/>\nADRESA DE CORESPONDENTA : Budai Stefan \u2013 Bdul. 1 decembrie 1918, nr. 82, Targu Mures, Judet Mures;<\/p>\n<h2>FEDERATIA\u00a0 ASOCIATIILOR DE PROPRIETARI LUGOJ<\/h2>\n<p>ADRESA: Str. Piata Victoriei nr. 4, cod 305500, Cladirea Primariei, Lugoj, Judet Timis;<br \/>\nPERSOANA DE CONTACT: Lazar Vasile \u2013 fix: 0256\/350.896;<br \/>\nREPREZENTANT LEGAL: Lazar Vasile \u2013 Presedinte; email: <a href=\"mailto:izr_vsl@yahoo.com\">izr_vsl@yahoo.com<\/a>;<br \/>\nADRESA DE CORESPONDENTA : Str. Piata Victoriei nr. 4, cod 305500, Cladirea Primariei, Lugoj, Judet Timis;<\/p>\n<h2>UNIUNEA JUDETEANA A ASOCIATIILOR DE PROPRIETARI RAMNICU VALCEA<\/h2>\n<p>ADRESA: Str. Maior V. Popescu, bl. P3, sc B, parter, Ramnicu Valcea, Judet Valcea;<br \/>\nPERSOANA DE CONTACT: Ionescu Sorin(vice \u2013 presedinte)<br \/>\nREPREZENTANT LEGAL: Cojocaru Ioan \u2013 Presedinte; email: <a href=\"mailto:cojocaru_c_ioan@yahoo.com\">cojocaru_c_ioan@yahoo.com<\/a>;<br \/>\nADRESA DE CORESPONDENTA : Cojocaru Ioan \u2013 Str. Tudor Vladimirescu, nr.32, bl 5, sc B, ap 10(acasa), Ramnicu Valcea, Judet Valcea.<\/p>\n<h2>UNIUNEA\u00a0 ASOCIATIILOR DE LOCATARI FOCSANI<\/h2>\n<p>ADRESA: Str. Plevnei, nr 18, bl H5 ap 11, Focsani, Judet Vrancea;<br \/>\nPERSOANA DE CONTACT: Pascariu Frosa \u2013 0237\/614.142;<br \/>\nREPREZENTANT LEGAL: Vlase Ion \u2013 Presedinte; email: <a href=\"mailto:ionvlase@yahoo.com\">ionvlase@yahoo.com<\/a>;<br \/>\nADRESA DE CORESPONDENTA : Vlase Ion:Str. Plevnei, nr 18, bl H5 ap 11, Focsani, Judet Vrancea(acasa);<\/p>\n<h2>UNIUNEA\u00a0 ASOCIATIILOR DE LOCATARI SATU MARE<\/h2>\n<p>ADRESA: Aleea Tisa, nr.4, bl 71, ap 48, Satu Mare, Judet Satu Mare;<br \/>\nPERSOANA DE CONTACT: Umhauser Palai Geza Ferencz;<br \/>\nREPREZENTANT LEGAL: Umhauser Palai Geza Ferencz \u2013 Presedinte; email: <a href=\"mailto:haiducsorin@yahoo.com\">haiducsorin@yahoo.com<\/a>;<br \/>\nADRESA DE CORESPONDENTA : Aleea Tisa, nr.4, bl 71, ap 48, Satu Mare, Judet Satu Mare.<\/p>\n<h2>ASOCIATIA DE PROPRIETARI FAGULUI 174 ORADEA<\/h2>\n<p>ADRESA: Str. Fagului, nr 3, bl\u00a0 PB73, parter, Oradea, Judet Bihor;<br \/>\nPERSOANA DE CONTACT: Butiri Alexandru \u20130359\/458.190;<br \/>\nADRESA DE CORESPONDENTA : Butiri Alexandru: Str. Lisabona, nr.3, bl PC50, ap 5, cod 410310(acasa), Oradea, Judet Bihor.<\/p>\n<h2><!--contact form--><\/h2>\n","protected":false},"excerpt":{"rendered":"<p>Sprijinirea, \u00eendrumarea \u0219i reprezentarea \u00a0asocia\u021biilor de proprietari Av\u00e2nd \u00een vedere necesitatea de a asigura m\u0103surile pentru prevenirea \u0219i combaterea r\u0103sp\u00e2ndirii virusului COVID-19, programele de consiliere gratuit\u0103 desf\u0103\u0219urate la sediu se desf\u0103\u0219oar\u0103 numai cu programare. \u00cen birou este permis accesul unei singure persoane, la ora programat\u0103. Pentru program\u0103ri v\u0103 rug\u0103m s\u0103 ne contacta\u021bi prin mobil: 0763.525.845, [&hellip;]<\/p>\n","protected":false},"author":3,"featured_media":0,"parent":0,"menu_order":7,"comment_status":"open","ping_status":"open","template":"","meta":{"footnotes":""},"class_list":["post-691","page","type-page","status-publish","hentry"],"_links":{"self":[{"href":"https:\/\/www.habitaturban.ro\/index.php?rest_route=\/wp\/v2\/pages\/691","targetHints":{"allow":["GET"]}}],"collection":[{"href":"https:\/\/www.habitaturban.ro\/index.php?rest_route=\/wp\/v2\/pages"}],"about":[{"href":"https:\/\/www.habitaturban.ro\/index.php?rest_route=\/wp\/v2\/types\/page"}],"author":[{"embeddable":true,"href":"https:\/\/www.habitaturban.ro\/index.php?rest_route=\/wp\/v2\/users\/3"}],"replies":[{"embeddable":true,"href":"https:\/\/www.habitaturban.ro\/index.php?rest_route=%2Fwp%2Fv2%2Fcomments&post=691"}],"version-history":[{"count":37,"href":"https:\/\/www.habitaturban.ro\/index.php?rest_route=\/wp\/v2\/pages\/691\/revisions"}],"predecessor-version":[{"id":2982,"href":"https:\/\/www.habitaturban.ro\/index.php?rest_route=\/wp\/v2\/pages\/691\/revisions\/2982"}],"wp:attachment":[{"href":"https:\/\/www.habitaturban.ro\/index.php?rest_route=%2Fwp%2Fv2%2Fmedia&parent=691"}],"curies":[{"name":"wp","href":"https:\/\/api.w.org\/{rel}","templated":true}]}}